{"id":52268,"date":"2021-08-25T17:51:03","date_gmt":"2021-08-25T15:51:03","guid":{"rendered":"https:\/\/pro.edenskin.be\/juridische-vermeldingen\/"},"modified":"2026-02-24T09:28:20","modified_gmt":"2026-02-24T08:28:20","slug":"juridische-vermeldingen","status":"publish","type":"page","link":"https:\/\/pro.edenskin.be\/nl\/juridische-vermeldingen\/","title":{"rendered":"Juridische vermeldingen"},"content":{"rendered":"<p>[et_pb_section fb_built=&#8221;1&#8243; _builder_version=&#8221;4.16&#8243; _module_preset=&#8221;default&#8221; global_colors_info=&#8221;{}&#8221;][et_pb_row _builder_version=&#8221;4.16&#8243; _module_preset=&#8221;default&#8221; global_colors_info=&#8221;{}&#8221;][et_pb_column type=&#8221;4_4&#8243; _builder_version=&#8221;4.16&#8243; _module_preset=&#8221;default&#8221; global_colors_info=&#8221;{}&#8221;][et_pb_text _builder_version=&#8221;4.27.5&#8243; _module_preset=&#8221;default&#8221; hover_enabled=&#8221;0&#8243; global_colors_info=&#8221;{}&#8221; sticky_enabled=&#8221;0&#8243; link_text_color=&#8221;#0C71C3&#8243;]<\/p>\n<h2 class=\"et_pb_module_header\">Juridische vermeldingen<\/h2>\n<div>\n<p>Eden Skin gamme professionnelle<\/p>\n<p><span>EDEN CONCEPT srl<\/span><br \/><span>Avenue de Finlande 8<\/span><br \/><span>1420 Braine-l\u2019Alleud<\/span><\/p>\n<h4>\u00a0<a>pro@edenskin.be<\/a><\/h4>\n<p>&nbsp;<\/p>\n<h3>Privacybeleid<\/h3>\n<p><strong>Gegevensverwerking<\/strong><\/p>\n<p>Veiligheid van de website<br \/>Onze website is beveiligd met SSL. Dit betekent dat de gegevens die u verstuurt, versleuteld zijn en niet onderschept kunnen worden. Daarnaast maken wij gebruik van een gehasht wachtwoordsysteem voor de toegang tot de backoffice. Wachtwoorden die u op onze site kiest, worden NOOIT in leesbare tekst in onze databases opgeslagen en er bestaat geen enkele manier om deze eenvoudig te ontcijferen.<\/p>\n<p><strong>Overdracht van gegevens<\/strong><br \/>Wij verkopen of dragen uw gegevens niet over aan personen of bedrijven. Uw gegevens blijven uitsluitend in onze eigen bestanden en worden niet gedeeld met derden voor marketingdoeleinden.<\/p>\n<p><strong>Verantwoordelijke voor de verwerking en recht op toegang<\/strong><br \/>Voor specifieke vragen over de informatie die wij bezitten, kunt u rechtstreeks contact met ons opnemen via het adres: pro@edenskin.be.<br \/>Wij zullen u zo snel mogelijk antwoorden.<br \/>Google Analytics<\/p>\n<p>Wij gebruiken Google Analytics om statistieken over onze website te verzamelen. Deze statistieken worden op anonieme wijze verzameld en stellen ons in staat om onze diensten te verbeteren op basis van de verkregen gegevens.<br \/>Beheer van cookies<\/p>\n<p>U kunt uw cookies rechtstreeks via uw browser beheren. Een uitleg over de te volgen procedure vindt u hier: <a href=\"https:\/\/cookies.insites.com\/disable-cookies\/\" target=\"_blank\" rel=\"noopener\">https:\/\/cookies.insites.com\/disable-cookies\/<\/a><\/p>\n<\/div>\n<p>[\/et_pb_text][et_pb_button button_url=&#8221;@ET-DC@eyJkeW5hbWljIjp0cnVlLCJjb250ZW50IjoicG9zdF9saW5rX3VybF9wYWdlIiwic2V0dGluZ3MiOnsicG9zdF9pZCI6IjI4ODgzIn19@&#8221; button_text=&#8221;retour page d&#8217;accueil&#8221; _builder_version=&#8221;4.16&#8243; _dynamic_attributes=&#8221;button_url&#8221; _module_preset=&#8221;default&#8221; custom_button=&#8221;on&#8221; button_text_color=&#8221;#FFFFFF&#8221; button_bg_color=&#8221;#3F4D50&#8243; button_border_radius=&#8221;50px&#8221; global_colors_info=&#8221;{}&#8221;][\/et_pb_button][\/et_pb_column][\/et_pb_row][\/et_pb_section]<\/p>\n","protected":false},"excerpt":{"rendered":"<p>Juridische vermeldingen Eden Skin gamme professionnelle EDEN CONCEPT srlAvenue de Finlande 81420 Braine-l\u2019Alleud \u00a0pro@edenskin.be &nbsp; Privacybeleid Gegevensverwerking Veiligheid van de websiteOnze website is beveiligd met SSL. Dit betekent dat de gegevens die u verstuurt, versleuteld zijn en niet onderschept kunnen worden. Daarnaast maken wij gebruik van een gehasht wachtwoordsysteem voor de toegang tot de backoffice. Wachtwoorden die u op onze site kiest, worden NOOIT in leesbare tekst in onze databases opgeslagen en er bestaat geen enkele manier om deze eenvoudig te ontcijferen. Overdracht van gegevensWij verkopen of dragen uw gegevens niet over aan personen of bedrijven. Uw gegevens blijven uitsluitend in onze eigen bestanden en worden niet gedeeld met derden voor marketingdoeleinden. Verantwoordelijke voor de verwerking en recht op toegangVoor specifieke vragen over de informatie die wij bezitten, kunt u rechtstreeks contact met ons opnemen via het adres: pro@edenskin.be.Wij zullen u zo snel mogelijk antwoorden.Google Analytics Wij gebruiken Google Analytics om statistieken over onze website te verzamelen. Deze statistieken worden op anonieme wijze verzameld en stellen ons in staat om onze diensten te verbeteren op basis van de verkregen gegevens.Beheer van cookies U kunt uw cookies rechtstreeks via uw browser beheren. Een uitleg over de te volgen procedure vindt u [&hellip;]<\/p>\n","protected":false},"author":2,"featured_media":0,"parent":0,"menu_order":0,"comment_status":"closed","ping_status":"closed","template":"","meta":{"_et_pb_use_builder":"on","_et_pb_old_content":"","_et_gb_content_width":"","footnotes":""},"class_list":["post-52268","page","type-page","status-publish","hentry"],"yoast_head":"<!-- This site is optimized with the Yoast SEO plugin v27.4 - https:\/\/yoast.com\/product\/yoast-seo-wordpress\/ -->\n<title>Juridische vermeldingen - Eden Skin Pro<\/title>\n<meta name=\"robots\" content=\"index, follow, max-snippet:-1, max-image-preview:large, max-video-preview:-1\" \/>\n<link rel=\"canonical\" href=\"https:\/\/pro.edenskin.be\/nl\/juridische-vermeldingen\/\" \/>\n<meta property=\"og:locale\" content=\"nl_NL\" \/>\n<meta property=\"og:type\" content=\"article\" \/>\n<meta property=\"og:title\" content=\"Juridische vermeldingen - Eden Skin Pro\" \/>\n<meta property=\"og:description\" content=\"Juridische vermeldingen Eden Skin gamme professionnelle EDEN CONCEPT srlAvenue de Finlande 81420 Braine-l\u2019Alleud \u00a0pro@edenskin.be &nbsp; Privacybeleid Gegevensverwerking Veiligheid van de websiteOnze website is beveiligd met SSL. Dit betekent dat de gegevens die u verstuurt, versleuteld zijn en niet onderschept kunnen worden. Daarnaast maken wij gebruik van een gehasht wachtwoordsysteem voor de toegang tot de backoffice. Wachtwoorden die u op onze site kiest, worden NOOIT in leesbare tekst in onze databases opgeslagen en er bestaat geen enkele manier om deze eenvoudig te ontcijferen. Overdracht van gegevensWij verkopen of dragen uw gegevens niet over aan personen of bedrijven. Uw gegevens blijven uitsluitend in onze eigen bestanden en worden niet gedeeld met derden voor marketingdoeleinden. Verantwoordelijke voor de verwerking en recht op toegangVoor specifieke vragen over de informatie die wij bezitten, kunt u rechtstreeks contact met ons opnemen via het adres: pro@edenskin.be.Wij zullen u zo snel mogelijk antwoorden.Google Analytics Wij gebruiken Google Analytics om statistieken over onze website te verzamelen. Deze statistieken worden op anonieme wijze verzameld en stellen ons in staat om onze diensten te verbeteren op basis van de verkregen gegevens.Beheer van cookies U kunt uw cookies rechtstreeks via uw browser beheren. Een uitleg over de te volgen procedure vindt u [&hellip;]\" \/>\n<meta property=\"og:url\" content=\"https:\/\/pro.edenskin.be\/nl\/juridische-vermeldingen\/\" \/>\n<meta property=\"og:site_name\" content=\"Eden Skin Pro\" \/>\n<meta property=\"article:publisher\" content=\"https:\/\/www.facebook.com\/edenskinpro\" \/>\n<meta property=\"article:modified_time\" content=\"2026-02-24T08:28:20+00:00\" \/>\n<meta name=\"twitter:card\" content=\"summary_large_image\" \/>\n<meta name=\"twitter:label1\" content=\"Geschatte leestijd\" \/>\n\t<meta name=\"twitter:data1\" content=\"2 minuten\" \/>\n<script type=\"application\/ld+json\" class=\"yoast-schema-graph\">{\"@context\":\"https:\\\/\\\/schema.org\",\"@graph\":[{\"@type\":\"WebPage\",\"@id\":\"https:\\\/\\\/pro.edenskin.be\\\/nl\\\/juridische-vermeldingen\\\/\",\"url\":\"https:\\\/\\\/pro.edenskin.be\\\/nl\\\/juridische-vermeldingen\\\/\",\"name\":\"Juridische vermeldingen - Eden Skin Pro\",\"isPartOf\":{\"@id\":\"https:\\\/\\\/pro.edenskin.be\\\/nl\\\/#website\"},\"datePublished\":\"2021-08-25T15:51:03+00:00\",\"dateModified\":\"2026-02-24T08:28:20+00:00\",\"breadcrumb\":{\"@id\":\"https:\\\/\\\/pro.edenskin.be\\\/nl\\\/juridische-vermeldingen\\\/#breadcrumb\"},\"inLanguage\":\"nl-NL\",\"potentialAction\":[{\"@type\":\"ReadAction\",\"target\":[\"https:\\\/\\\/pro.edenskin.be\\\/nl\\\/juridische-vermeldingen\\\/\"]}]},{\"@type\":\"BreadcrumbList\",\"@id\":\"https:\\\/\\\/pro.edenskin.be\\\/nl\\\/juridische-vermeldingen\\\/#breadcrumb\",\"itemListElement\":[{\"@type\":\"ListItem\",\"position\":1,\"name\":\"Accueil\",\"item\":\"https:\\\/\\\/pro.edenskin.be\\\/nl\\\/\"},{\"@type\":\"ListItem\",\"position\":2,\"name\":\"Juridische vermeldingen\"}]},{\"@type\":\"WebSite\",\"@id\":\"https:\\\/\\\/pro.edenskin.be\\\/nl\\\/#website\",\"url\":\"https:\\\/\\\/pro.edenskin.be\\\/nl\\\/\",\"name\":\"Eden Skin Pro\",\"description\":\"Cryolipolyse, \u00e9pilation d\u00e9finitive IPL et laser pour professionnels de l&#039;esth\u00e9tique\",\"publisher\":{\"@id\":\"https:\\\/\\\/pro.edenskin.be\\\/nl\\\/#organization\"},\"potentialAction\":[{\"@type\":\"SearchAction\",\"target\":{\"@type\":\"EntryPoint\",\"urlTemplate\":\"https:\\\/\\\/pro.edenskin.be\\\/nl\\\/?s={search_term_string}\"},\"query-input\":{\"@type\":\"PropertyValueSpecification\",\"valueRequired\":true,\"valueName\":\"search_term_string\"}}],\"inLanguage\":\"nl-NL\"},{\"@type\":\"Organization\",\"@id\":\"https:\\\/\\\/pro.edenskin.be\\\/nl\\\/#organization\",\"name\":\"Eden Skin Gamme Professionnelle\",\"url\":\"https:\\\/\\\/pro.edenskin.be\\\/nl\\\/\",\"logo\":{\"@type\":\"ImageObject\",\"inLanguage\":\"nl-NL\",\"@id\":\"https:\\\/\\\/pro.edenskin.be\\\/nl\\\/#\\\/schema\\\/logo\\\/image\\\/\",\"url\":\"https:\\\/\\\/pro.edenskin.be\\\/wp-content\\\/uploads\\\/2021\\\/03\\\/Logo-WP-SITE.jpg\",\"contentUrl\":\"https:\\\/\\\/pro.edenskin.be\\\/wp-content\\\/uploads\\\/2021\\\/03\\\/Logo-WP-SITE.jpg\",\"width\":512,\"height\":512,\"caption\":\"Eden Skin Gamme Professionnelle\"},\"image\":{\"@id\":\"https:\\\/\\\/pro.edenskin.be\\\/nl\\\/#\\\/schema\\\/logo\\\/image\\\/\"},\"sameAs\":[\"https:\\\/\\\/www.facebook.com\\\/edenskinpro\",\"https:\\\/\\\/www.instagram.com\\\/edenskinpro\\\/?hl=fr\"]}]}<\/script>\n<!-- \/ Yoast SEO plugin. -->","yoast_head_json":{"title":"Juridische vermeldingen - Eden Skin Pro","robots":{"index":"index","follow":"follow","max-snippet":"max-snippet:-1","max-image-preview":"max-image-preview:large","max-video-preview":"max-video-preview:-1"},"canonical":"https:\/\/pro.edenskin.be\/nl\/juridische-vermeldingen\/","og_locale":"nl_NL","og_type":"article","og_title":"Juridische vermeldingen - Eden Skin Pro","og_description":"Juridische vermeldingen Eden Skin gamme professionnelle EDEN CONCEPT srlAvenue de Finlande 81420 Braine-l\u2019Alleud \u00a0pro@edenskin.be &nbsp; Privacybeleid Gegevensverwerking Veiligheid van de websiteOnze website is beveiligd met SSL. Dit betekent dat de gegevens die u verstuurt, versleuteld zijn en niet onderschept kunnen worden. Daarnaast maken wij gebruik van een gehasht wachtwoordsysteem voor de toegang tot de backoffice. Wachtwoorden die u op onze site kiest, worden NOOIT in leesbare tekst in onze databases opgeslagen en er bestaat geen enkele manier om deze eenvoudig te ontcijferen. Overdracht van gegevensWij verkopen of dragen uw gegevens niet over aan personen of bedrijven. Uw gegevens blijven uitsluitend in onze eigen bestanden en worden niet gedeeld met derden voor marketingdoeleinden. Verantwoordelijke voor de verwerking en recht op toegangVoor specifieke vragen over de informatie die wij bezitten, kunt u rechtstreeks contact met ons opnemen via het adres: pro@edenskin.be.Wij zullen u zo snel mogelijk antwoorden.Google Analytics Wij gebruiken Google Analytics om statistieken over onze website te verzamelen. Deze statistieken worden op anonieme wijze verzameld en stellen ons in staat om onze diensten te verbeteren op basis van de verkregen gegevens.Beheer van cookies U kunt uw cookies rechtstreeks via uw browser beheren. Een uitleg over de te volgen procedure vindt u [&hellip;]","og_url":"https:\/\/pro.edenskin.be\/nl\/juridische-vermeldingen\/","og_site_name":"Eden Skin Pro","article_publisher":"https:\/\/www.facebook.com\/edenskinpro","article_modified_time":"2026-02-24T08:28:20+00:00","twitter_card":"summary_large_image","twitter_misc":{"Geschatte leestijd":"2 minuten"},"schema":{"@context":"https:\/\/schema.org","@graph":[{"@type":"WebPage","@id":"https:\/\/pro.edenskin.be\/nl\/juridische-vermeldingen\/","url":"https:\/\/pro.edenskin.be\/nl\/juridische-vermeldingen\/","name":"Juridische vermeldingen - Eden Skin Pro","isPartOf":{"@id":"https:\/\/pro.edenskin.be\/nl\/#website"},"datePublished":"2021-08-25T15:51:03+00:00","dateModified":"2026-02-24T08:28:20+00:00","breadcrumb":{"@id":"https:\/\/pro.edenskin.be\/nl\/juridische-vermeldingen\/#breadcrumb"},"inLanguage":"nl-NL","potentialAction":[{"@type":"ReadAction","target":["https:\/\/pro.edenskin.be\/nl\/juridische-vermeldingen\/"]}]},{"@type":"BreadcrumbList","@id":"https:\/\/pro.edenskin.be\/nl\/juridische-vermeldingen\/#breadcrumb","itemListElement":[{"@type":"ListItem","position":1,"name":"Accueil","item":"https:\/\/pro.edenskin.be\/nl\/"},{"@type":"ListItem","position":2,"name":"Juridische vermeldingen"}]},{"@type":"WebSite","@id":"https:\/\/pro.edenskin.be\/nl\/#website","url":"https:\/\/pro.edenskin.be\/nl\/","name":"Eden Skin Pro","description":"Cryolipolyse, \u00e9pilation d\u00e9finitive IPL et laser pour professionnels de l&#039;esth\u00e9tique","publisher":{"@id":"https:\/\/pro.edenskin.be\/nl\/#organization"},"potentialAction":[{"@type":"SearchAction","target":{"@type":"EntryPoint","urlTemplate":"https:\/\/pro.edenskin.be\/nl\/?s={search_term_string}"},"query-input":{"@type":"PropertyValueSpecification","valueRequired":true,"valueName":"search_term_string"}}],"inLanguage":"nl-NL"},{"@type":"Organization","@id":"https:\/\/pro.edenskin.be\/nl\/#organization","name":"Eden Skin Gamme Professionnelle","url":"https:\/\/pro.edenskin.be\/nl\/","logo":{"@type":"ImageObject","inLanguage":"nl-NL","@id":"https:\/\/pro.edenskin.be\/nl\/#\/schema\/logo\/image\/","url":"https:\/\/pro.edenskin.be\/wp-content\/uploads\/2021\/03\/Logo-WP-SITE.jpg","contentUrl":"https:\/\/pro.edenskin.be\/wp-content\/uploads\/2021\/03\/Logo-WP-SITE.jpg","width":512,"height":512,"caption":"Eden Skin Gamme Professionnelle"},"image":{"@id":"https:\/\/pro.edenskin.be\/nl\/#\/schema\/logo\/image\/"},"sameAs":["https:\/\/www.facebook.com\/edenskinpro","https:\/\/www.instagram.com\/edenskinpro\/?hl=fr"]}]}},"_links":{"self":[{"href":"https:\/\/pro.edenskin.be\/nl\/wp-json\/wp\/v2\/pages\/52268","targetHints":{"allow":["GET"]}}],"collection":[{"href":"https:\/\/pro.edenskin.be\/nl\/wp-json\/wp\/v2\/pages"}],"about":[{"href":"https:\/\/pro.edenskin.be\/nl\/wp-json\/wp\/v2\/types\/page"}],"author":[{"embeddable":true,"href":"https:\/\/pro.edenskin.be\/nl\/wp-json\/wp\/v2\/users\/2"}],"replies":[{"embeddable":true,"href":"https:\/\/pro.edenskin.be\/nl\/wp-json\/wp\/v2\/comments?post=52268"}],"version-history":[{"count":3,"href":"https:\/\/pro.edenskin.be\/nl\/wp-json\/wp\/v2\/pages\/52268\/revisions"}],"predecessor-version":[{"id":987515447,"href":"https:\/\/pro.edenskin.be\/nl\/wp-json\/wp\/v2\/pages\/52268\/revisions\/987515447"}],"wp:attachment":[{"href":"https:\/\/pro.edenskin.be\/nl\/wp-json\/wp\/v2\/media?parent=52268"}],"curies":[{"name":"wp","href":"https:\/\/api.w.org\/{rel}","templated":true}]}}