{"id":53891,"date":"2022-12-26T15:08:51","date_gmt":"2022-12-26T14:08:51","guid":{"rendered":"https:\/\/pro.edenskin.be\/machines\/"},"modified":"2024-11-20T11:07:42","modified_gmt":"2024-11-20T10:07:42","slug":"machines","status":"publish","type":"page","link":"https:\/\/pro.edenskin.be\/nl\/machines\/","title":{"rendered":"Onze Machines"},"content":{"rendered":"<p>[et_pb_section fb_built=&#8221;1&#8243; disabled_on=&#8221;off|off|off&#8221; _builder_version=&#8221;4.19.4&#8243; _module_preset=&#8221;default&#8221; custom_padding=&#8221;50px||30px||false|false&#8221; global_module=&#8221;53871&#8243; saved_tabs=&#8221;all&#8221; global_colors_info=&#8221;{}&#8221;][et_pb_row _builder_version=&#8221;4.27.0&#8243; _module_preset=&#8221;default&#8221; width=&#8221;100%&#8221; max_width=&#8221;1140px&#8221; custom_margin=&#8221;30px||||false|false&#8221; custom_padding=&#8221;||0px|||&#8221; global_colors_info=&#8221;{}&#8221;][et_pb_column type=&#8221;4_4&#8243; _builder_version=&#8221;4.16&#8243; _module_preset=&#8221;default&#8221; global_colors_info=&#8221;{}&#8221;][et_pb_text _builder_version=&#8221;4.19.4&#8243; _module_preset=&#8221;default&#8221; header_2_font=&#8221;|||on|||||&#8221; header_2_font_size=&#8221;30px&#8221; custom_margin=&#8221;||0px||false|false&#8221; global_colors_info=&#8221;{}&#8221;]<\/p>\n<h2 style=\"text-align: center;\">PRESENTATIE VAN DE MACHINES<\/h2>\n<p>[\/et_pb_text][\/et_pb_column][\/et_pb_row][et_pb_row column_structure=&#8221;1_3,1_3,1_3&#8243; _builder_version=&#8221;4.27.0&#8243; _module_preset=&#8221;default&#8221; global_colors_info=&#8221;{}&#8221;][et_pb_column type=&#8221;1_3&#8243; _builder_version=&#8221;4.19.4&#8243; _module_preset=&#8221;default&#8221; global_colors_info=&#8221;{}&#8221;][et_pb_image src=&#8221;https:\/\/pro.edenskin.be\/wp-content\/uploads\/2024\/11\/laserskin.jpg&#8221; alt=&#8221;Laserskin&#8221; title_text=&#8221;laserskin&#8221; url=&#8221;\/machines\/laser-skin\/&#8221; align=&#8221;center&#8221; disabled_on=&#8221;on|off|off&#8221; _builder_version=&#8221;4.27.3&#8243; _module_preset=&#8221;default&#8221; hover_enabled=&#8221;0&#8243; global_colors_info=&#8221;{}&#8221; src__hover_enabled=&#8221;on|hover&#8221; transform_styles__hover_enabled=&#8221;off|hover&#8221; transform_scale__hover_enabled=&#8221;off|hover&#8221; transform_translate__hover_enabled=&#8221;off|hover&#8221; transform_rotate__hover_enabled=&#8221;off|hover&#8221; transform_skew__hover_enabled=&#8221;off|hover&#8221; transform_origin__hover_enabled=&#8221;off|hover&#8221; src__hover=&#8221;https:\/\/pro.edenskin.be\/wp-content\/uploads\/2022\/12\/Laserskin-1.jpg&#8221; width=&#8221;50%&#8221; sticky_enabled=&#8221;0&#8243;][\/et_pb_image][et_pb_image src=&#8221;https:\/\/pro.edenskin.be\/wp-content\/uploads\/2024\/11\/laserskin.jpg&#8221; alt=&#8221;Laserskin&#8221; title_text=&#8221;laserskin&#8221; url=&#8221;@ET-DC@eyJkeW5hbWljIjp0cnVlLCJjb250ZW50IjoicG9zdF9saW5rX3VybF9wYWdlIiwic2V0dGluZ3MiOnsicG9zdF9pZCI6IjUxNDMzIn19@&#8221; align=&#8221;center&#8221; disabled_on=&#8221;off|on|on&#8221; _builder_version=&#8221;4.27.3&#8243; _dynamic_attributes=&#8221;url&#8221; _module_preset=&#8221;default&#8221; hover_enabled=&#8221;0&#8243; global_colors_info=&#8221;{}&#8221; width=&#8221;50%&#8221; sticky_enabled=&#8221;0&#8243;][\/et_pb_image][et_pb_text _builder_version=&#8221;4.19.4&#8243; _module_preset=&#8221;default&#8221; text_line_height=&#8221;1.4em&#8221; global_colors_info=&#8221;{}&#8221;]<\/p>\n<p style=\"text-align: center;\"><a href=\"https:\/\/pro.edenskin.be\/nl\/nl-2\/?page_id=53882\"><strong>LASERSKIN <\/strong><sup>\u00ae<\/sup><br \/><\/a>Permanente ontharing<\/p>\n<p>[\/et_pb_text][et_pb_button button_url=&#8221;@ET-DC@eyJkeW5hbWljIjp0cnVlLCJjb250ZW50IjoicG9zdF9saW5rX3VybF9wYWdlIiwic2V0dGluZ3MiOnsicG9zdF9pZCI6IjUxNDMzIn19@&#8221; button_text=&#8221;MEER INFORMATIE&#8221; button_alignment=&#8221;center&#8221; _builder_version=&#8221;4.19.4&#8243; _dynamic_attributes=&#8221;button_url&#8221; custom_button=&#8221;on&#8221; button_text_size=&#8221;14px&#8221; button_text_color=&#8221;#FFFFFF&#8221; button_bg_color=&#8221;gcid-482fb8b8-31fb-4d07-8b44-980aeaa49199&#8243; button_border_width=&#8221;0px&#8221; button_border_color=&#8221;#ffffff&#8221; button_border_radius=&#8221;0px&#8221; button_letter_spacing=&#8221;1px&#8221; button_font=&#8221;|600||on|||||&#8221; button_use_icon=&#8221;off&#8221; custom_margin=&#8221;||&#8221; custom_padding=&#8221;10px||10px||true|true&#8221; global_colors_info=&#8221;{%22gcid-482fb8b8-31fb-4d07-8b44-980aeaa49199%22:%91%22button_bg_color%22%93,%22gcid-7e60253d-0faa-47e1-86b3-71119506e97e%22:%91%22button_bg_color__hover%22%93}&#8221; button_bg_color__hover_enabled=&#8221;on|hover&#8221; button_bg_color__hover=&#8221;#8498a8&#8243; button_letter_spacing__hover_enabled=&#8221;on&#8221; button_letter_spacing__hover=&#8221;2px&#8221; button_border_color__hover_enabled=&#8221;on&#8221; button_border_color__hover=&#8221;#bfbfbf&#8221; button_text_color__hover_enabled=&#8221;on|desktop&#8221; button_text_color__hover=&#8221;#ffffff&#8221; button_bg_enable_color__hover=&#8221;on&#8221;][\/et_pb_button][\/et_pb_column][et_pb_column type=&#8221;1_3&#8243; _builder_version=&#8221;4.19.4&#8243; _module_preset=&#8221;default&#8221; global_colors_info=&#8221;{}&#8221;][et_pb_image src=&#8221;https:\/\/pro.edenskin.be\/wp-content\/uploads\/2024\/11\/cryolift.jpg&#8221; alt=&#8221;Laserskin&#8221; title_text=&#8221;cryolift&#8221; url=&#8221;@ET-DC@eyJkeW5hbWljIjp0cnVlLCJjb250ZW50IjoicG9zdF9saW5rX3VybF9wYWdlIiwic2V0dGluZ3MiOnsicG9zdF9pZCI6IjUxNDg0In19@&#8221; align=&#8221;center&#8221; disabled_on=&#8221;on|off|off&#8221; _builder_version=&#8221;4.27.3&#8243; _dynamic_attributes=&#8221;url&#8221; _module_preset=&#8221;default&#8221; hover_enabled=&#8221;0&#8243; global_colors_info=&#8221;{}&#8221; width=&#8221;50%&#8221; sticky_enabled=&#8221;0&#8243;][\/et_pb_image][et_pb_image src=&#8221;https:\/\/pro.edenskin.be\/wp-content\/uploads\/2024\/11\/cryolift.jpg&#8221; alt=&#8221;Laserskin&#8221; title_text=&#8221;cryolift&#8221; url=&#8221;@ET-DC@eyJkeW5hbWljIjp0cnVlLCJjb250ZW50IjoicG9zdF9saW5rX3VybF9wYWdlIiwic2V0dGluZ3MiOnsicG9zdF9pZCI6IjUxNDg0In19@&#8221; align=&#8221;center&#8221; disabled_on=&#8221;off|on|on&#8221; _builder_version=&#8221;4.27.3&#8243; _dynamic_attributes=&#8221;url&#8221; _module_preset=&#8221;default&#8221; hover_enabled=&#8221;0&#8243; global_colors_info=&#8221;{}&#8221; width=&#8221;50%&#8221; sticky_enabled=&#8221;0&#8243;][\/et_pb_image][et_pb_text _builder_version=&#8221;4.19.4&#8243; _module_preset=&#8221;default&#8221; text_font_size=&#8221;16px&#8221; text_line_height=&#8221;1.4em&#8221; global_colors_info=&#8221;{}&#8221;]<\/p>\n<p style=\"text-align: center;\"><a href=\"https:\/\/pro.edenskin.be\/nl\/nl-2\/?page_id=51484\"><strong>CRYOLIFT <\/strong><sup>TM<\/sup><\/a><br \/>Afslanken<\/p>\n<p>[\/et_pb_text][et_pb_button button_url=&#8221;\/nl\/machines\/cryolift\/&#8221; button_text=&#8221;MEER INFORMATIE&#8221; button_alignment=&#8221;center&#8221; _builder_version=&#8221;4.19.4&#8243; custom_button=&#8221;on&#8221; button_text_size=&#8221;14px&#8221; button_text_color=&#8221;#FFFFFF&#8221; button_bg_color=&#8221;gcid-482fb8b8-31fb-4d07-8b44-980aeaa49199&#8243; button_border_width=&#8221;0px&#8221; button_border_color=&#8221;#ffffff&#8221; button_border_radius=&#8221;0px&#8221; button_letter_spacing=&#8221;1px&#8221; button_font=&#8221;|600||on|||||&#8221; button_use_icon=&#8221;off&#8221; custom_margin=&#8221;||&#8221; custom_padding=&#8221;10px||10px||true|true&#8221; global_colors_info=&#8221;{%22gcid-482fb8b8-31fb-4d07-8b44-980aeaa49199%22:%91%22button_bg_color%22%93,%22gcid-7e60253d-0faa-47e1-86b3-71119506e97e%22:%91%22button_bg_color__hover%22%93}&#8221; button_bg_color__hover_enabled=&#8221;on|hover&#8221; button_bg_color__hover=&#8221;#8498a8&#8243; button_letter_spacing__hover_enabled=&#8221;on&#8221; button_letter_spacing__hover=&#8221;2px&#8221; button_border_color__hover_enabled=&#8221;on&#8221; button_border_color__hover=&#8221;#bfbfbf&#8221; button_text_color__hover_enabled=&#8221;on|desktop&#8221; button_text_color__hover=&#8221;#ffffff&#8221; button_bg_enable_color__hover=&#8221;on&#8221;][\/et_pb_button][\/et_pb_column][et_pb_column type=&#8221;1_3&#8243; _builder_version=&#8221;4.19.4&#8243; _module_preset=&#8221;default&#8221; global_colors_info=&#8221;{}&#8221;][et_pb_image src=&#8221;https:\/\/pro.edenskin.be\/wp-content\/uploads\/2024\/11\/newderma.jpg&#8221; alt=&#8221;Laserskin&#8221; title_text=&#8221;newderma&#8221; url=&#8221;@ET-DC@eyJkeW5hbWljIjp0cnVlLCJjb250ZW50IjoicG9zdF9saW5rX3VybF9wYWdlIiwic2V0dGluZ3MiOnsicG9zdF9pZCI6IjUzOTIxIn19@&#8221; align=&#8221;center&#8221; disabled_on=&#8221;on|off|off&#8221; _builder_version=&#8221;4.27.3&#8243; _dynamic_attributes=&#8221;url&#8221; _module_preset=&#8221;default&#8221; hover_enabled=&#8221;0&#8243; global_colors_info=&#8221;{}&#8221; width=&#8221;50%&#8221; sticky_enabled=&#8221;0&#8243;][\/et_pb_image][et_pb_image src=&#8221;https:\/\/pro.edenskin.be\/wp-content\/uploads\/2024\/11\/newderma.jpg&#8221; alt=&#8221;Laserskin&#8221; title_text=&#8221;newderma&#8221; url=&#8221;@ET-DC@eyJkeW5hbWljIjp0cnVlLCJjb250ZW50IjoicG9zdF9saW5rX3VybF9wYWdlIiwic2V0dGluZ3MiOnsicG9zdF9pZCI6IjUzOTIxIn19@&#8221; align=&#8221;center&#8221; disabled_on=&#8221;off|on|on&#8221; _builder_version=&#8221;4.27.3&#8243; _dynamic_attributes=&#8221;url&#8221; _module_preset=&#8221;default&#8221; hover_enabled=&#8221;0&#8243; global_colors_info=&#8221;{}&#8221; width=&#8221;50%&#8221; sticky_enabled=&#8221;0&#8243;][\/et_pb_image][et_pb_text _builder_version=&#8221;4.19.4&#8243; _module_preset=&#8221;default&#8221; text_font_size=&#8221;16px&#8221; text_line_height=&#8221;1.4em&#8221; global_colors_info=&#8221;{}&#8221;]<\/p>\n<p style=\"text-align: center;\"><a href=\"https:\/\/pro.edenskin.be\/nl\/nl-2\/?page_id=53921\"><strong>NEWDERMA <\/strong><sup>\u00ae<\/sup><\/a><br \/>Huidverjonging<\/p>\n<p>[\/et_pb_text][et_pb_button button_url=&#8221;@ET-DC@eyJkeW5hbWljIjp0cnVlLCJjb250ZW50IjoicG9zdF9saW5rX3VybF9wYWdlIiwic2V0dGluZ3MiOnsicG9zdF9pZCI6IjUzOTIxIn19@&#8221; button_text=&#8221;MEER INFORMATIE&#8221; button_alignment=&#8221;center&#8221; _builder_version=&#8221;4.19.4&#8243; _dynamic_attributes=&#8221;button_url&#8221; custom_button=&#8221;on&#8221; button_text_size=&#8221;14px&#8221; button_text_color=&#8221;#FFFFFF&#8221; button_bg_color=&#8221;gcid-482fb8b8-31fb-4d07-8b44-980aeaa49199&#8243; button_border_width=&#8221;0px&#8221; button_border_color=&#8221;#ffffff&#8221; button_border_radius=&#8221;0px&#8221; button_letter_spacing=&#8221;1px&#8221; button_font=&#8221;|600||on|||||&#8221; button_use_icon=&#8221;off&#8221; custom_margin=&#8221;||&#8221; custom_padding=&#8221;10px||10px||true|true&#8221; global_colors_info=&#8221;{%22gcid-482fb8b8-31fb-4d07-8b44-980aeaa49199%22:%91%22button_bg_color%22%93,%22gcid-7e60253d-0faa-47e1-86b3-71119506e97e%22:%91%22button_bg_color__hover%22%93}&#8221; button_bg_color__hover_enabled=&#8221;on|hover&#8221; button_bg_color__hover=&#8221;#8498a8&#8243; button_letter_spacing__hover_enabled=&#8221;on&#8221; button_letter_spacing__hover=&#8221;2px&#8221; button_border_color__hover_enabled=&#8221;on&#8221; button_border_color__hover=&#8221;#bfbfbf&#8221; button_text_color__hover_enabled=&#8221;on|desktop&#8221; button_text_color__hover=&#8221;#ffffff&#8221; button_bg_enable_color__hover=&#8221;on&#8221;][\/et_pb_button][\/et_pb_column][\/et_pb_row][\/et_pb_section]<\/p>\n","protected":false},"excerpt":{"rendered":"<p>PRESENTATIE VAN DE MACHINESLASERSKIN \u00aePermanente ontharingCRYOLIFT TMAfslankenNEWDERMA \u00aeHuidverjonging<\/p>\n","protected":false},"author":3,"featured_media":52231,"parent":0,"menu_order":0,"comment_status":"closed","ping_status":"closed","template":"","meta":{"_et_pb_use_builder":"on","_et_pb_old_content":"","_et_gb_content_width":"","footnotes":""},"class_list":["post-53891","page","type-page","status-publish","has-post-thumbnail","hentry"],"yoast_head":"<!-- This site is optimized with the Yoast SEO plugin v27.4 - https:\/\/yoast.com\/product\/yoast-seo-wordpress\/ -->\n<title>Eden Skin Gamme Professionnelle et m\u00e9dicale<\/title>\n<meta name=\"description\" content=\"Vous accompagne dans le d\u00e9veloppement de votre institut en vous fournissant des appareils de haute technologie agr\u00e9\u00e9s aux normes CE.\" \/>\n<meta name=\"robots\" content=\"index, follow, max-snippet:-1, max-image-preview:large, max-video-preview:-1\" \/>\n<link rel=\"canonical\" href=\"https:\/\/pro.edenskin.be\/nl\/machines\/\" \/>\n<meta property=\"og:locale\" content=\"nl_NL\" \/>\n<meta property=\"og:type\" content=\"article\" \/>\n<meta property=\"og:title\" content=\"Eden Skin Gamme Professionnelle et m\u00e9dicale\" \/>\n<meta property=\"og:description\" content=\"Vous accompagne dans le d\u00e9veloppement de votre institut en vous fournissant des appareils de haute technologie agr\u00e9\u00e9s aux normes CE.\" \/>\n<meta property=\"og:url\" content=\"https:\/\/pro.edenskin.be\/nl\/machines\/\" \/>\n<meta property=\"og:site_name\" content=\"Eden Skin Pro\" \/>\n<meta property=\"article:publisher\" content=\"https:\/\/www.facebook.com\/edenskinpro\" \/>\n<meta property=\"article:modified_time\" content=\"2024-11-20T10:07:42+00:00\" \/>\n<meta property=\"og:image\" content=\"https:\/\/pro.edenskin.be\/wp-content\/uploads\/2021\/04\/Eden-Skin-Gamme-Professionnelle.jpg\" \/>\n\t<meta property=\"og:image:width\" content=\"1040\" \/>\n\t<meta property=\"og:image:height\" content=\"672\" \/>\n\t<meta property=\"og:image:type\" content=\"image\/jpeg\" \/>\n<meta name=\"twitter:card\" content=\"summary_large_image\" \/>\n<meta name=\"twitter:label1\" content=\"Geschatte leestijd\" \/>\n\t<meta name=\"twitter:data1\" content=\"6 minuten\" \/>\n<script type=\"application\/ld+json\" class=\"yoast-schema-graph\">{\"@context\":\"https:\\\/\\\/schema.org\",\"@graph\":[{\"@type\":\"WebPage\",\"@id\":\"https:\\\/\\\/pro.edenskin.be\\\/nl\\\/machines\\\/\",\"url\":\"https:\\\/\\\/pro.edenskin.be\\\/nl\\\/machines\\\/\",\"name\":\"Eden Skin Gamme Professionnelle et m\u00e9dicale\",\"isPartOf\":{\"@id\":\"https:\\\/\\\/pro.edenskin.be\\\/nl\\\/#website\"},\"primaryImageOfPage\":{\"@id\":\"https:\\\/\\\/pro.edenskin.be\\\/nl\\\/machines\\\/#primaryimage\"},\"image\":{\"@id\":\"https:\\\/\\\/pro.edenskin.be\\\/nl\\\/machines\\\/#primaryimage\"},\"thumbnailUrl\":\"https:\\\/\\\/pro.edenskin.be\\\/wp-content\\\/uploads\\\/2021\\\/04\\\/Eden-Skin-Gamme-Professionnelle.jpg\",\"datePublished\":\"2022-12-26T14:08:51+00:00\",\"dateModified\":\"2024-11-20T10:07:42+00:00\",\"description\":\"Vous accompagne dans le d\u00e9veloppement de votre institut en vous fournissant des appareils de haute technologie agr\u00e9\u00e9s aux normes CE.\",\"breadcrumb\":{\"@id\":\"https:\\\/\\\/pro.edenskin.be\\\/nl\\\/machines\\\/#breadcrumb\"},\"inLanguage\":\"nl-NL\",\"potentialAction\":[{\"@type\":\"ReadAction\",\"target\":[\"https:\\\/\\\/pro.edenskin.be\\\/nl\\\/machines\\\/\"]}]},{\"@type\":\"ImageObject\",\"inLanguage\":\"nl-NL\",\"@id\":\"https:\\\/\\\/pro.edenskin.be\\\/nl\\\/machines\\\/#primaryimage\",\"url\":\"https:\\\/\\\/pro.edenskin.be\\\/wp-content\\\/uploads\\\/2021\\\/04\\\/Eden-Skin-Gamme-Professionnelle.jpg\",\"contentUrl\":\"https:\\\/\\\/pro.edenskin.be\\\/wp-content\\\/uploads\\\/2021\\\/04\\\/Eden-Skin-Gamme-Professionnelle.jpg\",\"width\":1040,\"height\":672,\"caption\":\"Eden Skin Professioneel gamma\"},{\"@type\":\"BreadcrumbList\",\"@id\":\"https:\\\/\\\/pro.edenskin.be\\\/nl\\\/machines\\\/#breadcrumb\",\"itemListElement\":[{\"@type\":\"ListItem\",\"position\":1,\"name\":\"Accueil\",\"item\":\"https:\\\/\\\/pro.edenskin.be\\\/nl\\\/\"},{\"@type\":\"ListItem\",\"position\":2,\"name\":\"Onze Machines\"}]},{\"@type\":\"WebSite\",\"@id\":\"https:\\\/\\\/pro.edenskin.be\\\/nl\\\/#website\",\"url\":\"https:\\\/\\\/pro.edenskin.be\\\/nl\\\/\",\"name\":\"Eden Skin Pro\",\"description\":\"Cryolipolyse, \u00e9pilation d\u00e9finitive IPL et laser pour professionnels de l&#039;esth\u00e9tique\",\"publisher\":{\"@id\":\"https:\\\/\\\/pro.edenskin.be\\\/nl\\\/#organization\"},\"potentialAction\":[{\"@type\":\"SearchAction\",\"target\":{\"@type\":\"EntryPoint\",\"urlTemplate\":\"https:\\\/\\\/pro.edenskin.be\\\/nl\\\/?s={search_term_string}\"},\"query-input\":{\"@type\":\"PropertyValueSpecification\",\"valueRequired\":true,\"valueName\":\"search_term_string\"}}],\"inLanguage\":\"nl-NL\"},{\"@type\":\"Organization\",\"@id\":\"https:\\\/\\\/pro.edenskin.be\\\/nl\\\/#organization\",\"name\":\"Eden Skin Gamme Professionnelle\",\"url\":\"https:\\\/\\\/pro.edenskin.be\\\/nl\\\/\",\"logo\":{\"@type\":\"ImageObject\",\"inLanguage\":\"nl-NL\",\"@id\":\"https:\\\/\\\/pro.edenskin.be\\\/nl\\\/#\\\/schema\\\/logo\\\/image\\\/\",\"url\":\"https:\\\/\\\/pro.edenskin.be\\\/wp-content\\\/uploads\\\/2021\\\/03\\\/Logo-WP-SITE.jpg\",\"contentUrl\":\"https:\\\/\\\/pro.edenskin.be\\\/wp-content\\\/uploads\\\/2021\\\/03\\\/Logo-WP-SITE.jpg\",\"width\":512,\"height\":512,\"caption\":\"Eden Skin Gamme Professionnelle\"},\"image\":{\"@id\":\"https:\\\/\\\/pro.edenskin.be\\\/nl\\\/#\\\/schema\\\/logo\\\/image\\\/\"},\"sameAs\":[\"https:\\\/\\\/www.facebook.com\\\/edenskinpro\",\"https:\\\/\\\/www.instagram.com\\\/edenskinpro\\\/?hl=fr\"]}]}<\/script>\n<!-- \/ Yoast SEO plugin. -->","yoast_head_json":{"title":"Eden Skin Gamme Professionnelle et m\u00e9dicale","description":"Vous accompagne dans le d\u00e9veloppement de votre institut en vous fournissant des appareils de haute technologie agr\u00e9\u00e9s aux normes CE.","robots":{"index":"index","follow":"follow","max-snippet":"max-snippet:-1","max-image-preview":"max-image-preview:large","max-video-preview":"max-video-preview:-1"},"canonical":"https:\/\/pro.edenskin.be\/nl\/machines\/","og_locale":"nl_NL","og_type":"article","og_title":"Eden Skin Gamme Professionnelle et m\u00e9dicale","og_description":"Vous accompagne dans le d\u00e9veloppement de votre institut en vous fournissant des appareils de haute technologie agr\u00e9\u00e9s aux normes CE.","og_url":"https:\/\/pro.edenskin.be\/nl\/machines\/","og_site_name":"Eden Skin Pro","article_publisher":"https:\/\/www.facebook.com\/edenskinpro","article_modified_time":"2024-11-20T10:07:42+00:00","og_image":[{"width":1040,"height":672,"url":"https:\/\/pro.edenskin.be\/wp-content\/uploads\/2021\/04\/Eden-Skin-Gamme-Professionnelle.jpg","type":"image\/jpeg"}],"twitter_card":"summary_large_image","twitter_misc":{"Geschatte leestijd":"6 minuten"},"schema":{"@context":"https:\/\/schema.org","@graph":[{"@type":"WebPage","@id":"https:\/\/pro.edenskin.be\/nl\/machines\/","url":"https:\/\/pro.edenskin.be\/nl\/machines\/","name":"Eden Skin Gamme Professionnelle et m\u00e9dicale","isPartOf":{"@id":"https:\/\/pro.edenskin.be\/nl\/#website"},"primaryImageOfPage":{"@id":"https:\/\/pro.edenskin.be\/nl\/machines\/#primaryimage"},"image":{"@id":"https:\/\/pro.edenskin.be\/nl\/machines\/#primaryimage"},"thumbnailUrl":"https:\/\/pro.edenskin.be\/wp-content\/uploads\/2021\/04\/Eden-Skin-Gamme-Professionnelle.jpg","datePublished":"2022-12-26T14:08:51+00:00","dateModified":"2024-11-20T10:07:42+00:00","description":"Vous accompagne dans le d\u00e9veloppement de votre institut en vous fournissant des appareils de haute technologie agr\u00e9\u00e9s aux normes CE.","breadcrumb":{"@id":"https:\/\/pro.edenskin.be\/nl\/machines\/#breadcrumb"},"inLanguage":"nl-NL","potentialAction":[{"@type":"ReadAction","target":["https:\/\/pro.edenskin.be\/nl\/machines\/"]}]},{"@type":"ImageObject","inLanguage":"nl-NL","@id":"https:\/\/pro.edenskin.be\/nl\/machines\/#primaryimage","url":"https:\/\/pro.edenskin.be\/wp-content\/uploads\/2021\/04\/Eden-Skin-Gamme-Professionnelle.jpg","contentUrl":"https:\/\/pro.edenskin.be\/wp-content\/uploads\/2021\/04\/Eden-Skin-Gamme-Professionnelle.jpg","width":1040,"height":672,"caption":"Eden Skin Professioneel gamma"},{"@type":"BreadcrumbList","@id":"https:\/\/pro.edenskin.be\/nl\/machines\/#breadcrumb","itemListElement":[{"@type":"ListItem","position":1,"name":"Accueil","item":"https:\/\/pro.edenskin.be\/nl\/"},{"@type":"ListItem","position":2,"name":"Onze Machines"}]},{"@type":"WebSite","@id":"https:\/\/pro.edenskin.be\/nl\/#website","url":"https:\/\/pro.edenskin.be\/nl\/","name":"Eden Skin Pro","description":"Cryolipolyse, \u00e9pilation d\u00e9finitive IPL et laser pour professionnels de l&#039;esth\u00e9tique","publisher":{"@id":"https:\/\/pro.edenskin.be\/nl\/#organization"},"potentialAction":[{"@type":"SearchAction","target":{"@type":"EntryPoint","urlTemplate":"https:\/\/pro.edenskin.be\/nl\/?s={search_term_string}"},"query-input":{"@type":"PropertyValueSpecification","valueRequired":true,"valueName":"search_term_string"}}],"inLanguage":"nl-NL"},{"@type":"Organization","@id":"https:\/\/pro.edenskin.be\/nl\/#organization","name":"Eden Skin Gamme Professionnelle","url":"https:\/\/pro.edenskin.be\/nl\/","logo":{"@type":"ImageObject","inLanguage":"nl-NL","@id":"https:\/\/pro.edenskin.be\/nl\/#\/schema\/logo\/image\/","url":"https:\/\/pro.edenskin.be\/wp-content\/uploads\/2021\/03\/Logo-WP-SITE.jpg","contentUrl":"https:\/\/pro.edenskin.be\/wp-content\/uploads\/2021\/03\/Logo-WP-SITE.jpg","width":512,"height":512,"caption":"Eden Skin Gamme Professionnelle"},"image":{"@id":"https:\/\/pro.edenskin.be\/nl\/#\/schema\/logo\/image\/"},"sameAs":["https:\/\/www.facebook.com\/edenskinpro","https:\/\/www.instagram.com\/edenskinpro\/?hl=fr"]}]}},"_links":{"self":[{"href":"https:\/\/pro.edenskin.be\/nl\/wp-json\/wp\/v2\/pages\/53891","targetHints":{"allow":["GET"]}}],"collection":[{"href":"https:\/\/pro.edenskin.be\/nl\/wp-json\/wp\/v2\/pages"}],"about":[{"href":"https:\/\/pro.edenskin.be\/nl\/wp-json\/wp\/v2\/types\/page"}],"author":[{"embeddable":true,"href":"https:\/\/pro.edenskin.be\/nl\/wp-json\/wp\/v2\/users\/3"}],"replies":[{"embeddable":true,"href":"https:\/\/pro.edenskin.be\/nl\/wp-json\/wp\/v2\/comments?post=53891"}],"version-history":[{"count":0,"href":"https:\/\/pro.edenskin.be\/nl\/wp-json\/wp\/v2\/pages\/53891\/revisions"}],"wp:featuredmedia":[{"embeddable":true,"href":"https:\/\/pro.edenskin.be\/nl\/wp-json\/wp\/v2\/media\/52231"}],"wp:attachment":[{"href":"https:\/\/pro.edenskin.be\/nl\/wp-json\/wp\/v2\/media?parent=53891"}],"curies":[{"name":"wp","href":"https:\/\/api.w.org\/{rel}","templated":true}]}}